{"id":47,"date":"2018-04-24T09:06:21","date_gmt":"2018-04-24T07:06:21","guid":{"rendered":"http:\/\/wuchidao.de\/wu-chi-europe\/?page_id=47"},"modified":"2021-02-10T11:32:08","modified_gmt":"2021-02-10T10:32:08","slug":"impressum","status":"publish","type":"page","link":"https:\/\/wuchidao.de\/wu-chi-europe\/impressum\/","title":{"rendered":"Impressum"},"content":{"rendered":"\n<p><strong>Informationen gem. \u00a75 TMG (Telemediengesetz):<\/strong><\/p>\n\n\n\n<p>Shaolin Wu Chi Chuan &amp; Wu Chu e.V.<br>Peter Strietzel<br>Giessenerstra\u00dfe 94<br>35452 Heuchelheim<br>Tel: 0641-7949756<br>e-Mail: <a href=\"mailto:pe&#116;&#101;r&#46;stri&#101;t&#122;&#101;l&#64;gm&#120;.&#100;e\">&#112;e&#116;e&#114;&#46;str&#105;e&#116;zel&#64;&#103;mx&#46;d&#101;<\/a><\/p>\n\n\n\n<p><strong>Haftungsausschluss:<\/strong><br>Der&nbsp;Shaolin Wu Chi Chuan &amp; Wu Chu e.V. beh\u00e4lt sich das Recht vor, \u00c4nderungen und Erg\u00e4nzungen der bereitgestellten Informationen ohne vorherige Ank\u00fcndigung vorzunehmen. Alle Inhalte auf den Internetseiten des&nbsp;Shaolin Wu Chi Chuan &amp; Wu Chu e.V. wurden sorgf\u00e4ltig recherchiert und gepr\u00fcft. Daten k\u00f6nnen sich jedoch ver\u00e4ndern. Der&nbsp;Shaolin Wu Chi Chuan &amp; Wu Chu e.V. kann daher f\u00fcr die Richtigkeit, Vollst\u00e4ndigkeit und Aktualit\u00e4t der enthaltenen Informationen \u2013 insbesondere der von Dritten zugelieferten Informationen \u2013 keine Haftung \u00fcbernehmen. Der&nbsp;Shaolin Wu Chi Chuan &amp; Wu Chu e.V. \u00fcbernimmt keine Haftung f\u00fcr direkte oder indirekte Sch\u00e4den, die sich aus der Nutzung dieser oder einer verlinkten Webseite ergeben. Auf Webseiten Dritter, auf die mittels Hyperlinks verwiesen wird, hat der&nbsp;Shaolin Wu Chi Chuan &amp; Wu Chu e.V. keinerlei Einfluss und kann daher keine Verantwortung oder Gew\u00e4hrleistung f\u00fcr den Inhalt \u00fcbernehmen. Externe Verweise bedeuten nicht, dass sich der&nbsp;Shaolin Wu Chi Chuan &amp; Wu Chu e.V. mit dem Inhalt identifiziert oder deren Nutzen unterst\u00fctzt.<\/p>\n\n\n\n<p><strong>Copyright:<\/strong><br>Inhalt und Struktur der Internetseiten des&nbsp;Shaolin Wu Chi Chuan &amp; Wu Chu e.V. sind urheberrechtlich gesch\u00fctzt. S\u00e4mtliche Texte, Bilder und andere auf der Internetseite ver\u00f6ffentlichten Werke unterliegen \u2013 sofern nicht anders gekennzeichnet \u2013 dem Copyright des Shaolin Wu Chi Chuan &amp; Wu Chu e.V.. Jede Vervielf\u00e4ltigung, Verbreitung, Speicherung, \u00dcbermittlung, Sendung und Wieder- bzw. Weitergabe der Inhalte ist ohne schriftliche Genehmigung des&nbsp;Shaolin Wu Chi Chuan &amp; Wu Chu e.V. ausdr\u00fccklich untersagt.<\/p>\n\n\n\n<h2 class=\"wp-block-heading\" id=\"datenschutz\">Datenschutzerkl\u00e4rung<\/h2>\n\n\n\n<h2 class=\"wp-block-heading\">1. Datenschutz auf einen Blick<\/h2>\n\n\n\n<h3 class=\"wp-block-heading\">Allgemeine Hinweise<\/h3>\n\n\n\n<p>Die folgenden Hinweise geben einen einfachen \u00dcberblick dar\u00fcber, was mit Ihren personenbezogenen Daten passiert, wenn Sie unsere Website besuchen. Personenbezogene Daten sind alle Daten, mit denen Sie pers\u00f6nlich identifiziert werden k\u00f6nnen. Ausf\u00fchrliche Informationen zum Thema Datenschutz entnehmen Sie unserer unter diesem Text aufgef\u00fchrten Datenschutzerkl\u00e4rung.<\/p>\n\n\n\n<h3 class=\"wp-block-heading\">Datenerfassung auf unserer Website<\/h3>\n\n\n\n<p><strong>Wer ist verantwortlich f\u00fcr die Datenerfassung auf dieser Website?<\/strong><\/p>\n\n\n\n<p>Die Datenverarbeitung auf dieser Website erfolgt durch den Websitebetreiber. Dessen Kontaktdaten k\u00f6nnen Sie dem Impressum dieser Website entnehmen.<\/p>\n\n\n\n<p><strong>Wie erfassen wir Ihre Daten?<\/strong><\/p>\n\n\n\n<p>Ihre Daten werden zum einen dadurch erhoben, dass Sie uns diese mitteilen. Hierbei kann es sich z.B. um Daten handeln, die Sie in ein Kontaktformular eingeben.<\/p>\n\n\n\n<p>Andere Daten werden automatisch beim Besuch der Website durch unsere IT-Systeme erfasst. Das sind vor allem technische Daten (z.B. Internetbrowser, Betriebssystem oder Uhrzeit des Seitenaufrufs). Die Erfassung dieser Daten erfolgt automatisch, sobald Sie unsere Website betreten.<\/p>\n\n\n\n<p><strong>Wof\u00fcr nutzen wir Ihre Daten?<\/strong><\/p>\n\n\n\n<p>Ein Teil der Daten wird erhoben, um eine fehlerfreie Bereitstellung der Website zu gew\u00e4hrleisten. Andere Daten k\u00f6nnen zur Analyse Ihres Nutzerverhaltens verwendet werden.<\/p>\n\n\n\n<p><strong>Welche Rechte haben Sie bez\u00fcglich Ihrer Daten?<\/strong><\/p>\n\n\n\n<p>Sie haben jederzeit das Recht unentgeltlich Auskunft \u00fcber Herkunft, Empf\u00e4nger und Zweck Ihrer gespeicherten personenbezogenen Daten zu erhalten. Sie haben au\u00dferdem ein Recht, die Berichtigung, Sperrung oder L\u00f6schung dieser Daten zu verlangen. Hierzu sowie zu weiteren Fragen zum Thema Datenschutz k\u00f6nnen Sie sich jederzeit unter der im Impressum angegebenen Adresse an uns wenden. Des Weiteren steht Ihnen ein Beschwerderecht bei der zust\u00e4ndigen Aufsichtsbeh\u00f6rde zu.<\/p>\n\n\n\n<h2 class=\"wp-block-heading\">2. Allgemeine Hinweise und Pflichtinformationen<\/h2>\n\n\n\n<h3 class=\"wp-block-heading\">Datenschutz<\/h3>\n\n\n\n<p>Die Betreiber dieser Seiten nehmen den Schutz Ihrer pers\u00f6nlichen Daten sehr ernst. Wir behandeln Ihre personenbezogenen Daten vertraulich und entsprechend der gesetzlichen Datenschutzvorschriften sowie dieser Datenschutzerkl\u00e4rung.<\/p>\n\n\n\n<p>Wenn Sie diese Website benutzen, werden verschiedene personenbezogene Daten erhoben. Personenbezogene Daten sind Daten, mit denen Sie pers\u00f6nlich identifiziert werden k\u00f6nnen. Die vorliegende Datenschutzerkl\u00e4rung erl\u00e4utert, welche Daten wir erheben und wof\u00fcr wir sie nutzen. Sie erl\u00e4utert auch, wie und zu welchem Zweck das geschieht.<\/p>\n\n\n\n<p>Wir weisen darauf hin, dass die Daten\u00fcbertragung im Internet (z.B. bei der Kommunikation per E-Mail) Sicherheitsl\u00fccken aufweisen kann. Ein l\u00fcckenloser Schutz der Daten vor dem Zugriff durch Dritte ist nicht m\u00f6glich.<\/p>\n\n\n\n<h3 class=\"wp-block-heading\">Hinweis zur verantwortlichen Stelle<\/h3>\n\n\n\n<p>Die verantwortliche Stelle f\u00fcr die Datenverarbeitung auf dieser Website ist:<\/p>\n\n\n\n<p>Shaolin Wu Chi Chuan &amp; Wu Chu e.V.<br>Peter Strietzel<br>Giessenerstra\u00dfe 94<br>35452 Heuchelheim<\/p>\n\n\n\n<p>Tel: 0641-7949756<br>e-Mail: <a href=\"mailto:&#112;et&#101;&#114;.&#115;t&#114;&#105;e&#116;z&#101;l&#64;&#103;m&#120;&#46;d&#101;\">&#112;eter&#46;&#115;&#116;r&#105;&#101;&#116;&#122;el&#64;&#103;mx&#46;de<\/a><\/p>\n\n\n\n<p>Verantwortliche Stelle ist die nat\u00fcrliche oder juristische Person, die allein oder gemeinsam mit anderen \u00fcber die Zwecke und Mittel der Verarbeitung von personenbezogenen Daten (z.B. Namen, E-Mail-Adressen o. \u00c4.) entscheidet.<\/p>\n\n\n\n<h3 class=\"wp-block-heading\">Widerruf Ihrer Einwilligung zur Datenverarbeitung<\/h3>\n\n\n\n<p>Viele Datenverarbeitungsvorg\u00e4nge sind nur mit Ihrer ausdr\u00fccklichen Einwilligung m\u00f6glich. Sie k\u00f6nnen eine bereits erteilte Einwilligung jederzeit widerrufen. Dazu reicht eine formlose Mitteilung per E-Mail an uns. Die Rechtm\u00e4\u00dfigkeit der bis zum Widerruf erfolgten Datenverarbeitung bleibt vom Widerruf unber\u00fchrt.<\/p>\n\n\n\n<h3 class=\"wp-block-heading\">Beschwerderecht bei der zust\u00e4ndigen Aufsichtsbeh\u00f6rde<\/h3>\n\n\n\n<p>Im Falle datenschutzrechtlicher Verst\u00f6\u00dfe steht dem Betroffenen ein Beschwerderecht bei der zust\u00e4ndigen Aufsichtsbeh\u00f6rde zu. Zust\u00e4ndige Aufsichtsbeh\u00f6rde in datenschutzrechtlichen Fragen ist der Landesdatenschutzbeauftragte des Bundeslandes, in dem unser Unternehmen seinen Sitz hat. Eine Liste der Datenschutzbeauftragten sowie deren Kontaktdaten k\u00f6nnen folgendem Link entnommen werden: <a href=\"https:\/\/www.bfdi.bund.de\/DE\/Infothek\/Anschriften_Links\/anschriften_links-node.html\" target=\"_blank\" rel=\"noopener\">https:\/\/www.bfdi.bund.de\/DE\/Infothek\/Anschriften_Links\/anschriften_links-node.html<\/a>.<\/p>\n\n\n\n<h3 class=\"wp-block-heading\">Recht auf Daten\u00fcbertragbarkeit<\/h3>\n\n\n\n<p>Sie haben das Recht, Daten, die wir auf Grundlage Ihrer Einwilligung oder in Erf\u00fcllung eines Vertrags automatisiert verarbeiten, an sich oder an einen Dritten in einem g\u00e4ngigen, maschinenlesbaren Format aush\u00e4ndigen zu lassen. Sofern Sie die direkte \u00dcbertragung der Daten an einen anderen Verantwortlichen verlangen, erfolgt dies nur, soweit es technisch machbar ist.<\/p>\n\n\n\n<h3 class=\"wp-block-heading\">Auskunft, Sperrung, L\u00f6schung<\/h3>\n\n\n\n<p>Sie haben im Rahmen der geltenden gesetzlichen Bestimmungen jederzeit das Recht auf unentgeltliche Auskunft \u00fcber Ihre gespeicherten personenbezogenen Daten, deren Herkunft und Empf\u00e4nger und den Zweck der Datenverarbeitung und ggf. ein Recht auf Berichtigung, Sperrung oder L\u00f6schung dieser Daten. Hierzu sowie zu weiteren Fragen zum Thema personenbezogene Daten k\u00f6nnen Sie sich jederzeit unter der im Impressum angegebenen Adresse an uns wenden.<\/p>\n\n\n\n<h3 class=\"wp-block-heading\">Widerspruch gegen Werbe-Mails<\/h3>\n\n\n\n<p>Der Nutzung von im Rahmen der Impressumspflicht ver\u00f6ffentlichten Kontaktdaten zur \u00dcbersendung von nicht ausdr\u00fccklich angeforderter Werbung und Informationsmaterialien wird hiermit widersprochen. Die Betreiber der Seiten behalten sich ausdr\u00fccklich rechtliche Schritte im Falle der unverlangten Zusendung von Werbeinformationen, etwa durch Spam-E-Mails, vor.<\/p>\n\n\n\n<h2 class=\"wp-block-heading\">3. Datenerfassung auf unserer Website<\/h2>\n\n\n\n<h3 class=\"wp-block-heading\">Server-Log-Dateien<\/h3>\n\n\n\n<p>Der Provider der Seiten erhebt und speichert automatisch Informationen in so genannten Server-Log-Dateien, die Ihr Browser automatisch an uns \u00fcbermittelt. Dies sind:<\/p>\n\n\n\n<ul class=\"wp-block-list\"><li>Browsertyp und Browserversion<\/li><li>verwendetes Betriebssystem<\/li><li>Referrer URL<\/li><li>Hostname des zugreifenden Rechners<\/li><li>Uhrzeit der Serveranfrage<\/li><li>IP-Adresse<\/li><\/ul>\n\n\n\n<p>Eine Zusammenf\u00fchrung dieser Daten mit anderen Datenquellen wird nicht vorgenommen.<\/p>\n\n\n\n<p>Grundlage f\u00fcr die Datenverarbeitung ist Art. 6 Abs. 1 lit. b DSGVO, der die Verarbeitung von Daten zur Erf\u00fcllung eines Vertrags oder vorvertraglicher Ma\u00dfnahmen gestattet.<\/p>\n\n\n\n<p>Quelle Datenschutzerkl\u00e4rung: <a href=\"https:\/\/www.e-recht24.de\">www.e-recht24.de<\/a><\/p>\n","protected":false},"excerpt":{"rendered":"<p>Informationen gem. \u00a75 TMG (Telemediengesetz): Shaolin Wu Chi Chuan &amp; Wu Chu e.V.Peter StrietzelGiessenerstra\u00dfe 9435452 HeuchelheimTel: 0641-7949756e-Mail: Haftungsausschluss:Der&nbsp;Shaolin Wu Chi Chuan &amp; Wu Chu e.V. beh\u00e4lt sich das Recht vor, \u00c4nderungen und Erg\u00e4nzungen der bereitgestellten &hellip; <a href=\"https:\/\/wuchidao.de\/wu-chi-europe\/impressum\/\">Weiterlesen &rarr;<\/a><\/p>\n","protected":false},"author":1,"featured_media":0,"parent":0,"menu_order":100,"comment_status":"closed","ping_status":"closed","template":"","meta":{"footnotes":""},"class_list":["post-47","page","type-page","status-publish","hentry"],"_links":{"self":[{"href":"https:\/\/wuchidao.de\/wu-chi-europe\/wp-json\/wp\/v2\/pages\/47","targetHints":{"allow":["GET"]}}],"collection":[{"href":"https:\/\/wuchidao.de\/wu-chi-europe\/wp-json\/wp\/v2\/pages"}],"about":[{"href":"https:\/\/wuchidao.de\/wu-chi-europe\/wp-json\/wp\/v2\/types\/page"}],"author":[{"embeddable":true,"href":"https:\/\/wuchidao.de\/wu-chi-europe\/wp-json\/wp\/v2\/users\/1"}],"replies":[{"embeddable":true,"href":"https:\/\/wuchidao.de\/wu-chi-europe\/wp-json\/wp\/v2\/comments?post=47"}],"version-history":[{"count":6,"href":"https:\/\/wuchidao.de\/wu-chi-europe\/wp-json\/wp\/v2\/pages\/47\/revisions"}],"predecessor-version":[{"id":62,"href":"https:\/\/wuchidao.de\/wu-chi-europe\/wp-json\/wp\/v2\/pages\/47\/revisions\/62"}],"wp:attachment":[{"href":"https:\/\/wuchidao.de\/wu-chi-europe\/wp-json\/wp\/v2\/media?parent=47"}],"curies":[{"name":"wp","href":"https:\/\/api.w.org\/{rel}","templated":true}]}}