{"id":2,"date":"2017-05-15T20:24:21","date_gmt":"2017-05-15T18:24:21","guid":{"rendered":"http:\/\/wuchidao.de\/wu-chi-europe\/?page_id=2"},"modified":"2021-02-10T11:31:52","modified_gmt":"2021-02-10T10:31:52","slug":"homepage","status":"publish","type":"page","link":"https:\/\/wuchidao.de\/wu-chi-europe\/","title":{"rendered":"Homepage"},"content":{"rendered":"\n<p><strong>Wu Chi Chuan<\/strong> ist eine der \u00e4ltesten chinesischen Kampfk\u00fcnste und wurde als komplexes System, welches Kampfkunst, Heilungsmethoden wie z. B. Chi Gong und Meditation bzw. Philosophie sowie spirituelle Inhalte vermittelt, als eines der innersten Sch\u00e4tze des Shaolinklosters von Meister zu Sch\u00fcler weitergegeben.<\/p>\n\n\n\n<p>Der Begriff Wu Chi ist ein wichtiger Kern der traditionellen chinesischen Philosophie und bedeutet soviel wie ,uranf\u00e4ngliche Leerheit&#8220; bzw. beschreibt einen grundlegenden Zustand aus dem alle Ph\u00e4nomene entstehen und in den sie auch wieder eingehen. Daher wird dieser Begriff durch einen leeren Kreis dargestellt, der diese ungeteilte Einheit repr\u00e4sentiert.<\/p>\n\n\n\n<p>Wu Chi Chuan, zu den inneren ,Sch\u00e4tzen&#8220; des Shaolinklosters geh\u00f6rend, ist im Gegensatz zu den hier im Westen eher bekannten, harten Kung Fu Stilen, eine sanfte, ,weiche&#8220; Kampfkunst und gilt als eine Urform der weichen Kampfk\u00fcnste. Die Urspr\u00fcnge der Bewegungsformen des Wu Chi Chuan sind \u00e4lter als 4000 Jahre und stammen urspr\u00fcnglich aus der chinesischen Volkstradition.<\/p>\n\n\n\n<p>F\u00fcr die Menschen der damaligen Zeit war es \u00fcberlebenswichtig, sich mit den Ph\u00e4nomenen der Natur, den Elementen, der universellen Lebenskraft Chi und deren Wechselwirkungen auf den Menschen zu befassen. Diese Erkenntnisse wurden, wie auch viele taoistische \u00dcberlieferungen, von den buddhistischen \u00c4ltesten in das Gedankengut und die Tradition des Shaolinklosters mit aufgenommen.<\/p>\n\n\n\n<p>Die Basis des Wu Chi Chuans besteht aus 36 Charakteren bzw. Bewegungsabl\u00e4ufen, welche den Prozess der Sch\u00f6pfung des Universums, des Makrokosmos, auf den Mikrokosmos unseres K\u00f6rpers darstellen. Die ersten 12 Charaktere hei\u00dfen, Yin und Yang, Wind, Wolken, Regen, Aufklaren, Himmel, Sonne, Mond, Leuchten, Reflektion und das Strahlen. Die Praxis dieser Bewegungsformen, wir sprechen hier auch vom ,Spielen&#8220; dieser Formen, bietet f\u00fcr alle Altersgruppen eine vorz\u00fcgliche Grundlage zur Gesundheitserhaltung, Entspannung und Selbstheilung.<\/p>\n\n\n\n<p>Dar\u00fcberhinaus kann es beim \u00dcben um die Entwicklung geistiger Pr\u00e4senz und Achtsamkeit gehen. Die Anwendungen als Kampfkunst dienen dem Lernenden zun\u00e4chst als M\u00f6glichkeit, die Bewegungen zu pr\u00e4zisieren.<\/p>\n\n\n\n<hr class=\"wp-block-separator is-style-wide\"\/>\n\n\n\n<div class=\"wp-block-image\"><figure class=\"aligncenter\"><img loading=\"lazy\" decoding=\"async\" width=\"127\" height=\"159\" src=\"https:\/\/wuchidao.de\/wu-chi-europe\/wp-content\/uploads\/sites\/2\/2017\/05\/Sifu.jpg\" alt=\"\" class=\"wp-image-12\"\/><\/figure><\/div>\n\n\n\n<p><strong>Gro\u00dfmeister Chee Kim Thong<\/strong><b> <\/b>galt schon im Alter von 14 Jahren als Kampfkunstlegende. Seine erste Meisterin war seine Gro\u00dfmutter. Einschlie\u00dflich ihrer Lehren, erhielt er eine umfangreiche Schulung von f\u00fcnf Meistern unterschiedlicher Kampfkunststile. Die Lehren des Wu Chi empfing Master Chee im Alter von 17 Jahren vom ehrw\u00fcrdigen Abt und Zenmeister Yit Ch&#8216; an Ch&#8216; an Tze aus dem s\u00fcdlichen Shaolintempel Poh Tor in der Provinz Fujian. Als einer der letzten wenigen verbliebenen Shaolinmeister aus alter Zeit, erkannte dieser die herausragenden Qualit\u00e4ten des jungen Chee Kim Thong und beschlo\u00df ihn zu zu unterweisen.<\/p>\n\n\n\n<p>In diesem Zusammenhang erhielt Master Chee neben der Kampfkunstschulung auch eine umfangreiche Ausbildung in Meditation und traditioneller chinesischer Heilkunde.<\/p>\n\n\n\n<p>Master Chee lebte bis zu seinem Tode im Fr\u00fchjahr des Jahres 2001 \u00fcber 40 Jahre in Malaysia. Neben seiner T\u00e4tigkeit als Arzt, machte er diese Lehren erstmals einer breiteren \u00d6ffentlichkeit zug\u00e4nglich, so da\u00df seit \u00fcber 15 Jahren die M\u00f6glichkeit besteht, auch im Westen Wu Chi Chuan zu lernen.<\/p>\n\n\n\n<p>Gro\u00dfmeister Chee Kim Thong war f\u00fcr seine bescheidene Art und seine humorvolle Lehrweise bekannt, mit der er jedem Interessierten sein umfangreiches Wissen individuell abgestimmt vermitteln konnte. Master Chee betreute weltweit Sch\u00fcler in zahlreichen Trainingsgruppen, die regelm\u00e4\u00dfig von ihm besucht wurden.<\/p>\n\n\n\n<p>Seit 1989 gibt es f\u00fcr Anf\u00e4nger und Fortgeschrittene Gelegenheit, im Rahmen eines 10-t\u00e4gigen Sommerkurses unter Leitung seiner Meistersch\u00fcler intensiv zu Lernen und zu \u00dcben. Neben Wu Chi Chuan besteht hier die M\u00f6glichkeit, auch andere Kampfkunstformen, Waffentechniken und spezielle Chi Gong Formen zu lernen.<\/p>\n\n\n\n<p>Als Beispiel sei an dieser Stelle das &#8222;<strong>12 Schritte Chi Gong<\/strong>&#8220; genannt. Dieses spezielle Chi Gong<b> <\/b>besteht aus aus Bewegungsabl\u00e4ufen, welche im Stehen, Sitzen und Liegen ausgef\u00fchrt, im Zusammenspiel mit Atmung und geistiger Aufmerksamkeit, die Bewegungen des Chi durch den K\u00f6rper und durch die einzelnen Organe anregen. Gro\u00dfmeister Chee Kim Thong lehrt dieses Chi Gong speziell f\u00fcr Menschen in der Alltagssituation zur F\u00f6rderung von Gesundheit und Wohlbefinden.<\/p>\n","protected":false},"excerpt":{"rendered":"<p>Wu Chi Chuan ist eine der \u00e4ltesten chinesischen Kampfk\u00fcnste und wurde als komplexes System, welches Kampfkunst, Heilungsmethoden wie z. B. Chi Gong und Meditation bzw. Philosophie sowie spirituelle Inhalte vermittelt, als eines der innersten Sch\u00e4tze &hellip; <a href=\"https:\/\/wuchidao.de\/wu-chi-europe\/\">Weiterlesen &rarr;<\/a><\/p>\n","protected":false},"author":1,"featured_media":0,"parent":0,"menu_order":0,"comment_status":"closed","ping_status":"closed","template":"","meta":{"footnotes":""},"class_list":["post-2","page","type-page","status-publish","hentry"],"_links":{"self":[{"href":"https:\/\/wuchidao.de\/wu-chi-europe\/wp-json\/wp\/v2\/pages\/2","targetHints":{"allow":["GET"]}}],"collection":[{"href":"https:\/\/wuchidao.de\/wu-chi-europe\/wp-json\/wp\/v2\/pages"}],"about":[{"href":"https:\/\/wuchidao.de\/wu-chi-europe\/wp-json\/wp\/v2\/types\/page"}],"author":[{"embeddable":true,"href":"https:\/\/wuchidao.de\/wu-chi-europe\/wp-json\/wp\/v2\/users\/1"}],"replies":[{"embeddable":true,"href":"https:\/\/wuchidao.de\/wu-chi-europe\/wp-json\/wp\/v2\/comments?post=2"}],"version-history":[{"count":7,"href":"https:\/\/wuchidao.de\/wu-chi-europe\/wp-json\/wp\/v2\/pages\/2\/revisions"}],"predecessor-version":[{"id":92,"href":"https:\/\/wuchidao.de\/wu-chi-europe\/wp-json\/wp\/v2\/pages\/2\/revisions\/92"}],"wp:attachment":[{"href":"https:\/\/wuchidao.de\/wu-chi-europe\/wp-json\/wp\/v2\/media?parent=2"}],"curies":[{"name":"wp","href":"https:\/\/api.w.org\/{rel}","templated":true}]}}